{"id":3574,"date":"2024-04-10T08:38:47","date_gmt":"2024-04-10T13:38:47","guid":{"rendered":"https:\/\/www.casafloral.co\/?post_type=product&#038;p=3574"},"modified":"2026-03-30T09:30:23","modified_gmt":"2026-03-30T14:30:23","slug":"orquidea-phanelopsys-premium-2-tallos-magenta-matera-fucsia","status":"publish","type":"product","link":"https:\/\/www.casafloral.co\/en\/product\/orquidea-phanelopsys-premium-2-tallos-magenta-matera-fucsia\/","title":{"rendered":"Phanelopsys Premium Orchid 2 Stems Magenta Matera Fuchsia"},"content":{"rendered":"<p>Our orchids fill all rooms with life! Decorating your home or office with them will make everyone fall in love.<\/p>\n<p>Giving an Orchid represents beauty and perfection, elements that should not be missing when making a gift.<\/p>\n<p>They have an average height of 55 cm and 2 spikes.<\/p>\n<p>Fuchsia matera if included, Atmosphere Images.<\/p>","protected":false},"excerpt":{"rendered":"<p>\u00a1Nuestras orqu\u00eddeas llenan de vida todas las estancias! Decorar tu hogar u oficina con ellas, enamorar\u00e1 a todos. Regalar una Orqu\u00eddea representa belleza y perfecci\u00f3n, elementos que no deben faltar a la hora de hacer un regalo. Tienen una altura promedio de 55 Cms y 2 espigas. Matera color fucsia si incluida, Im\u00e1genes de Ambientaci\u00f3n.<\/p>","protected":false},"featured_media":3575,"comment_status":"open","ping_status":"closed","template":"","meta":{"_et_pb_use_builder":"","_et_pb_old_content":"","_et_gb_content_width":""},"product_brand":[],"product_cat":[17],"product_tag":[],"class_list":{"0":"post-3574","1":"product","2":"type-product","3":"status-publish","4":"has-post-thumbnail","6":"product_cat-sin-categorizar","7":"tm-has-options","9":"first","10":"instock","11":"shipping-taxable","12":"purchasable","13":"product-type-simple"},"_links":{"self":[{"href":"https:\/\/www.casafloral.co\/en\/wp-json\/wp\/v2\/product\/3574","targetHints":{"allow":["GET"]}}],"collection":[{"href":"https:\/\/www.casafloral.co\/en\/wp-json\/wp\/v2\/product"}],"about":[{"href":"https:\/\/www.casafloral.co\/en\/wp-json\/wp\/v2\/types\/product"}],"replies":[{"embeddable":true,"href":"https:\/\/www.casafloral.co\/en\/wp-json\/wp\/v2\/comments?post=3574"}],"wp:featuredmedia":[{"embeddable":true,"href":"https:\/\/www.casafloral.co\/en\/wp-json\/wp\/v2\/media\/3575"}],"wp:attachment":[{"href":"https:\/\/www.casafloral.co\/en\/wp-json\/wp\/v2\/media?parent=3574"}],"wp:term":[{"taxonomy":"product_brand","embeddable":true,"href":"https:\/\/www.casafloral.co\/en\/wp-json\/wp\/v2\/product_brand?post=3574"},{"taxonomy":"product_cat","embeddable":true,"href":"https:\/\/www.casafloral.co\/en\/wp-json\/wp\/v2\/product_cat?post=3574"},{"taxonomy":"product_tag","embeddable":true,"href":"https:\/\/www.casafloral.co\/en\/wp-json\/wp\/v2\/product_tag?post=3574"}],"curies":[{"name":"wp","href":"https:\/\/api.w.org\/{rel}","templated":true}]}}