{"id":3546,"date":"2024-04-08T13:31:12","date_gmt":"2024-04-08T18:31:12","guid":{"rendered":"https:\/\/www.casafloral.co\/?post_type=product&#038;p=3546"},"modified":"2026-03-30T09:25:49","modified_gmt":"2026-03-30T14:25:49","slug":"arreglo-de-orquideas-blanco-6-tallos-en-base-cuenco-artesanal","status":"publish","type":"product","link":"https:\/\/www.casafloral.co\/en\/product\/arreglo-de-orquideas-blanco-6-tallos-en-base-cuenco-artesanal\/","title":{"rendered":"White Orchid Arrangement 6 Stems In Handcrafted Bowl Base"},"content":{"rendered":"<p>Our orchids fill all rooms with life! Decorating your home or office with them will make everyone fall in love.<\/p>\n<p>Giving an Orchid represents beauty and perfection, elements that should not be missing when making a gift.<\/p>\n<p>They have an average height of 55 cm and 6 spikes.<\/p>\n<p>Handcrafted Bowl included, Atmosphere Images.<\/p>","protected":false},"excerpt":{"rendered":"<p>\u00a1Nuestras orqu\u00eddeas llenan de vida todas las estancias! Decorar tu hogar u oficina con ellas, enamorar\u00e1 a todos. Regalar una Orqu\u00eddea representa belleza y perfecci\u00f3n, elementos que no deben faltar a la hora de hacer un regalo. Tienen una altura promedio de 55 Cms y 6 espigas. Cuenco Artesanal incluido, Im\u00e1genes de Ambientaci\u00f3n.<\/p>","protected":false},"featured_media":3547,"comment_status":"open","ping_status":"closed","template":"","meta":{"_et_pb_use_builder":"","_et_pb_old_content":"","_et_gb_content_width":""},"product_brand":[],"product_cat":[32],"product_tag":[],"class_list":{"0":"post-3546","1":"product","2":"type-product","3":"status-publish","4":"has-post-thumbnail","6":"product_cat-orquideas","7":"tm-has-options","9":"first","10":"instock","11":"shipping-taxable","12":"purchasable","13":"product-type-simple"},"_links":{"self":[{"href":"https:\/\/www.casafloral.co\/en\/wp-json\/wp\/v2\/product\/3546","targetHints":{"allow":["GET"]}}],"collection":[{"href":"https:\/\/www.casafloral.co\/en\/wp-json\/wp\/v2\/product"}],"about":[{"href":"https:\/\/www.casafloral.co\/en\/wp-json\/wp\/v2\/types\/product"}],"replies":[{"embeddable":true,"href":"https:\/\/www.casafloral.co\/en\/wp-json\/wp\/v2\/comments?post=3546"}],"wp:featuredmedia":[{"embeddable":true,"href":"https:\/\/www.casafloral.co\/en\/wp-json\/wp\/v2\/media\/3547"}],"wp:attachment":[{"href":"https:\/\/www.casafloral.co\/en\/wp-json\/wp\/v2\/media?parent=3546"}],"wp:term":[{"taxonomy":"product_brand","embeddable":true,"href":"https:\/\/www.casafloral.co\/en\/wp-json\/wp\/v2\/product_brand?post=3546"},{"taxonomy":"product_cat","embeddable":true,"href":"https:\/\/www.casafloral.co\/en\/wp-json\/wp\/v2\/product_cat?post=3546"},{"taxonomy":"product_tag","embeddable":true,"href":"https:\/\/www.casafloral.co\/en\/wp-json\/wp\/v2\/product_tag?post=3546"}],"curies":[{"name":"wp","href":"https:\/\/api.w.org\/{rel}","templated":true}]}}