{"id":3519,"date":"2024-04-08T11:40:51","date_gmt":"2024-04-08T16:40:51","guid":{"rendered":"https:\/\/www.casafloral.co\/?post_type=product&#038;p=3519"},"modified":"2024-11-18T16:27:27","modified_gmt":"2024-11-18T21:27:27","slug":"sustrato-para-orquideas","status":"publish","type":"product","link":"https:\/\/www.casafloral.co\/en\/product\/sustrato-para-orquideas\/","title":{"rendered":"Substrate for orchids"},"content":{"rendered":"<p>Weight: 1.3kg<\/p>\n<p>It is designed for the planting and transplanting of orchids.<\/p>\n<p>Its components: pine bark, charcoal, coconut chips and pumice stone, allows optimal aeration for epiphytic or aerial plants.<\/p>\n<p>It protects the soil by maintaining its temperature, controls evaporation and conserves its humidity, this implies less irrigation and easier plant maintenance.<\/p>","protected":false},"excerpt":{"rendered":"<p>Peso: 1.3 Kg Est\u00e1 Dise\u00f1ado para la plantaci\u00f3n y trasplante de orqu\u00eddeas. Sus componentes: corteza de pino, carb\u00f3n vegetal, chips de coco y piedra p\u00f3mez, permite una \u00f3ptima aireaci\u00f3n para plantas epifitas o a\u00e9reas. Protege el suelo al mantener su temperatura, controla la evaporaci\u00f3n y conserva su humedad, esto implica menor cantidad de riego y [&hellip;]<\/p>","protected":false},"featured_media":3520,"comment_status":"open","ping_status":"closed","template":"","meta":{"_et_pb_use_builder":"","_et_pb_old_content":"","_et_gb_content_width":""},"product_brand":[],"product_cat":[32],"product_tag":[],"class_list":{"0":"post-3519","1":"product","2":"type-product","3":"status-publish","4":"has-post-thumbnail","6":"product_cat-orquideas","7":"tm-has-options","9":"first","10":"instock","11":"shipping-taxable","12":"purchasable","13":"product-type-simple"},"_links":{"self":[{"href":"https:\/\/www.casafloral.co\/en\/wp-json\/wp\/v2\/product\/3519","targetHints":{"allow":["GET"]}}],"collection":[{"href":"https:\/\/www.casafloral.co\/en\/wp-json\/wp\/v2\/product"}],"about":[{"href":"https:\/\/www.casafloral.co\/en\/wp-json\/wp\/v2\/types\/product"}],"replies":[{"embeddable":true,"href":"https:\/\/www.casafloral.co\/en\/wp-json\/wp\/v2\/comments?post=3519"}],"wp:featuredmedia":[{"embeddable":true,"href":"https:\/\/www.casafloral.co\/en\/wp-json\/wp\/v2\/media\/3520"}],"wp:attachment":[{"href":"https:\/\/www.casafloral.co\/en\/wp-json\/wp\/v2\/media?parent=3519"}],"wp:term":[{"taxonomy":"product_brand","embeddable":true,"href":"https:\/\/www.casafloral.co\/en\/wp-json\/wp\/v2\/product_brand?post=3519"},{"taxonomy":"product_cat","embeddable":true,"href":"https:\/\/www.casafloral.co\/en\/wp-json\/wp\/v2\/product_cat?post=3519"},{"taxonomy":"product_tag","embeddable":true,"href":"https:\/\/www.casafloral.co\/en\/wp-json\/wp\/v2\/product_tag?post=3519"}],"curies":[{"name":"wp","href":"https:\/\/api.w.org\/{rel}","templated":true}]}}