{"id":2596,"date":"2023-08-29T07:15:44","date_gmt":"2023-08-29T12:15:44","guid":{"rendered":"https:\/\/www.casafloral.co\/?post_type=product&#038;p=2596"},"modified":"2024-11-18T16:27:34","modified_gmt":"2024-11-18T21:27:34","slug":"kit-cuida-tu-orquidea","status":"publish","type":"product","link":"https:\/\/www.casafloral.co\/en\/product\/kit-cuida-tu-orquidea\/","title":{"rendered":"Orchid Care Kit"},"content":{"rendered":"<p>INCLUDES 3 IDEAL ELEMENTS FOR THE PERFECT CARE OF YOUR ORCHIDS, SUBSTRATE FOR ORCHIDS: Weight 1.3 Kg It is designed for the planting and transplanting of orchids. Its components: pine bark, charcoal, coconut chips and pumice stone, allows optimal aeration for epiphytic or aerial plants. FERTILIZER SAMPLE: Fertilizer sachet x 15 grams is highly soluble with chelated micronutrients designed to stimulate flowering, vibrancy of colors and lasting beauty in all varieties of orchids. INSECTICIDE FOR PLANTS: Ready-to-use insecticide, it is formulated to control pests in plants inside your home and garden, it acts by contact and ingestion, combating insect pests such as flies, mealybugs, lice, aphids, bedbugs and others. 240 CC<\/p>","protected":false},"excerpt":{"rendered":"<p>INCLUYE 3 ELEMENTOS IDEALES PARA EL PERFECTO CUIDADO DE TUS ORQUIDEAS, SUSTRATO PARA ORQUIDEAS:\u00a0 Peso 1.3 Kg Esta Dise\u00f1ado para la plantaci\u00f3n y trasplante de orqu\u00eddeas. sus componentes: corteza de pino, carb\u00f3n vegetal, chips de coco y piedra p\u00f3mez, permite una \u00f3ptima aireaci\u00f3n para plantas epifitas o a\u00e9reas. SOBRE FERTILIZANTE: Sobre fertilizante x 15 gramos [&hellip;]<\/p>","protected":false},"featured_media":2598,"comment_status":"open","ping_status":"closed","template":"","meta":{"_et_pb_use_builder":"","_et_pb_old_content":"","_et_gb_content_width":""},"product_brand":[],"product_cat":[32],"product_tag":[],"class_list":{"0":"post-2596","1":"product","2":"type-product","3":"status-publish","4":"has-post-thumbnail","6":"product_cat-orquideas","7":"tm-has-options","9":"first","10":"instock","11":"shipping-taxable","12":"purchasable","13":"product-type-simple"},"_links":{"self":[{"href":"https:\/\/www.casafloral.co\/en\/wp-json\/wp\/v2\/product\/2596","targetHints":{"allow":["GET"]}}],"collection":[{"href":"https:\/\/www.casafloral.co\/en\/wp-json\/wp\/v2\/product"}],"about":[{"href":"https:\/\/www.casafloral.co\/en\/wp-json\/wp\/v2\/types\/product"}],"replies":[{"embeddable":true,"href":"https:\/\/www.casafloral.co\/en\/wp-json\/wp\/v2\/comments?post=2596"}],"wp:featuredmedia":[{"embeddable":true,"href":"https:\/\/www.casafloral.co\/en\/wp-json\/wp\/v2\/media\/2598"}],"wp:attachment":[{"href":"https:\/\/www.casafloral.co\/en\/wp-json\/wp\/v2\/media?parent=2596"}],"wp:term":[{"taxonomy":"product_brand","embeddable":true,"href":"https:\/\/www.casafloral.co\/en\/wp-json\/wp\/v2\/product_brand?post=2596"},{"taxonomy":"product_cat","embeddable":true,"href":"https:\/\/www.casafloral.co\/en\/wp-json\/wp\/v2\/product_cat?post=2596"},{"taxonomy":"product_tag","embeddable":true,"href":"https:\/\/www.casafloral.co\/en\/wp-json\/wp\/v2\/product_tag?post=2596"}],"curies":[{"name":"wp","href":"https:\/\/api.w.org\/{rel}","templated":true}]}}