{"id":1712,"date":"2023-08-09T13:51:27","date_gmt":"2023-08-09T13:51:27","guid":{"rendered":"https:\/\/www.casafloral.co\/?post_type=product&#038;p=1712"},"modified":"2024-04-04T21:40:02","modified_gmt":"2024-04-05T02:40:02","slug":"vela-casa-floral","status":"publish","type":"product","link":"https:\/\/www.casafloral.co\/en\/product\/vela-casa-floral\/","title":{"rendered":"Vela Casa Floral"},"content":{"rendered":"<p>Nuestra vela arom\u00e1tica Casa Floral fue creada con una fragancia floral, fresca, delicada y sutil.<\/p>\n<p>Su aroma a rosas conecta con tus habilidades, tu creatividad, tu inspiraci\u00f3n y tu fuerza.<\/p>\n<p>Nuestra vela Casa Floral es base de cera de soya y coco. Derivados naturales biodegradables cuya combusti\u00f3n no supone ning\u00fan peligro para la salud o el medio ambiente. De la misma manera, estas ceras al derretirse permiten su uso como aceite humectante, sin riesgo de quemadura. Lo anterior debido a que su punto de fusi\u00f3n (40\u00b0C) es muy cercano a la temperatura corporal (36\u00b0C &#8211; 37\u00b0C).<\/p>\n<p>Nuestras velas no s\u00f3lo son decorativas, puedes usarlas para transformar tus espacios, para meditar, para relajarte o al aplicarlas en la piel.<\/p>\n<p>Este es un producto vegano, libre de crueldad animal, amigable con la salud y el medio ambiente, al no generar holl\u00edn y ser sostenible.<\/p>\n<p>Complement your Floral Arrangements with a handmade Candle from Casa Floral. Our traditional XL line (330 net grams) includes a delicious aroma of roses to set your spaces and make your senses vibrate.<\/p>\n<p>Pregunta por nuestra variedad Aromas.<\/p>","protected":false},"excerpt":{"rendered":"<p>Nuestra vela arom\u00e1tica Casa Floral fue creada con una fragancia floral, fresca, delicada y sutil. Su aroma a rosas conecta con tus habilidades, tu creatividad, tu inspiraci\u00f3n y tu fuerza. Nuestra vela Casa Floral es base de cera de soya y coco. Derivados naturales biodegradables cuya combusti\u00f3n no supone ning\u00fan peligro para la salud o [&hellip;]<\/p>","protected":false},"featured_media":1715,"comment_status":"open","ping_status":"closed","template":"","meta":{"_et_pb_use_builder":"on","_et_pb_old_content":"Nuestra vela arom\u00e1tica Casa Floral fue creada con una fragancia floral, fresca, delicada y sutil.\r\n\r\nSu aroma a rosas conecta con tus habilidades, tu creatividad, tu inspiraci\u00f3n y tu fuerza.\r\n\r\nNuestra vela Casa Floral es base de cera de soya y coco. Derivados naturales biodegradables cuya combusti\u00f3n no supone ning\u00fan peligro para la salud o el medio ambiente. De la misma manera, estas ceras al derretirse permiten su uso como aceite humectante, sin riesgo de quemadura. Lo anterior debido a que su punto de fusi\u00f3n (40\u00b0C) es muy cercano a la temperatura corporal (36\u00b0C - 37\u00b0C).\r\n\r\nNuestras velas no s\u00f3lo son decorativas, puedes usarlas para transformar tus espacios, para meditar, para relajarte o al aplicarlas en la piel.\r\n\r\nEste es un producto vegano, libre de crueldad animal, amigable con la salud y el medio ambiente, al no generar holl\u00edn y ser sostenible.\r\n\r\nComplementa tus Arreglos Florales con una Vela artesanal de Casa Floral, Nuestra l\u00ednea tradicional XL (330 gramos netos) comprende un delicioso aroma a rosas para ambientar tus espacios y hacer vibrar tus sentidos.\r\n\r\nPregunta por nuestra variedad Aromas.","_et_gb_content_width":""},"product_brand":[],"product_cat":[35],"product_tag":[],"class_list":{"0":"post-1712","1":"product","2":"type-product","3":"status-publish","4":"has-post-thumbnail","6":"product_cat-complementos","7":"tm-has-options","9":"first","10":"instock","11":"shipping-taxable","12":"purchasable","13":"product-type-simple"},"_links":{"self":[{"href":"https:\/\/www.casafloral.co\/en\/wp-json\/wp\/v2\/product\/1712","targetHints":{"allow":["GET"]}}],"collection":[{"href":"https:\/\/www.casafloral.co\/en\/wp-json\/wp\/v2\/product"}],"about":[{"href":"https:\/\/www.casafloral.co\/en\/wp-json\/wp\/v2\/types\/product"}],"replies":[{"embeddable":true,"href":"https:\/\/www.casafloral.co\/en\/wp-json\/wp\/v2\/comments?post=1712"}],"wp:featuredmedia":[{"embeddable":true,"href":"https:\/\/www.casafloral.co\/en\/wp-json\/wp\/v2\/media\/1715"}],"wp:attachment":[{"href":"https:\/\/www.casafloral.co\/en\/wp-json\/wp\/v2\/media?parent=1712"}],"wp:term":[{"taxonomy":"product_brand","embeddable":true,"href":"https:\/\/www.casafloral.co\/en\/wp-json\/wp\/v2\/product_brand?post=1712"},{"taxonomy":"product_cat","embeddable":true,"href":"https:\/\/www.casafloral.co\/en\/wp-json\/wp\/v2\/product_cat?post=1712"},{"taxonomy":"product_tag","embeddable":true,"href":"https:\/\/www.casafloral.co\/en\/wp-json\/wp\/v2\/product_tag?post=1712"}],"curies":[{"name":"wp","href":"https:\/\/api.w.org\/{rel}","templated":true}]}}