{"id":1105,"date":"2023-07-31T15:39:07","date_gmt":"2023-07-31T15:39:07","guid":{"rendered":"https:\/\/www.casafloral.co\/?post_type=product&#038;p=1105"},"modified":"2024-04-08T17:06:46","modified_gmt":"2024-04-08T22:06:46","slug":"orquidea-phanelopsys-premium-3-tallos-naranja","status":"publish","type":"product","link":"https:\/\/www.casafloral.co\/en\/product\/orquidea-phanelopsys-premium-3-tallos-naranja\/","title":{"rendered":"Phanelopsys Premium Orchid 3 Stems Orange"},"content":{"rendered":"<p>Our orchids fill all rooms with life! Decorating your home or office with them will make everyone fall in love.<\/p>\n<p>Giving an Orchid represents beauty and perfection, elements that should not be missing when making a gift.<\/p>\n<p>They have an average height of 55 cm and 3 spikes.<\/p>\n<p>Images of Setting, matera not included, delivered in decorated paper ready for gift.<\/p>","protected":false},"excerpt":{"rendered":"<p>\u00a1Nuestras orqu\u00eddeas llenan de vida todas las estancias! Decorar tu hogar u oficina con ellas, enamorar\u00e1 a todos. Regalar una Orqu\u00eddea representa belleza y perfecci\u00f3n, elementos que no deben faltar a la hora de hacer un regalo. Tienen una altura promedio de 55 Cms y 3 espigas. Im\u00e1genes de Ambientaci\u00f3n, matera no incluida, se entrega [&hellip;]<\/p>","protected":false},"featured_media":1107,"comment_status":"open","ping_status":"closed","template":"","meta":{"_et_pb_use_builder":"","_et_pb_old_content":"","_et_gb_content_width":""},"product_brand":[],"product_cat":[17],"product_tag":[],"class_list":{"0":"post-1105","1":"product","2":"type-product","3":"status-publish","4":"has-post-thumbnail","6":"product_cat-sin-categorizar","7":"tm-has-options","9":"first","10":"outofstock","11":"shipping-taxable","12":"purchasable","13":"product-type-simple"},"_links":{"self":[{"href":"https:\/\/www.casafloral.co\/en\/wp-json\/wp\/v2\/product\/1105","targetHints":{"allow":["GET"]}}],"collection":[{"href":"https:\/\/www.casafloral.co\/en\/wp-json\/wp\/v2\/product"}],"about":[{"href":"https:\/\/www.casafloral.co\/en\/wp-json\/wp\/v2\/types\/product"}],"replies":[{"embeddable":true,"href":"https:\/\/www.casafloral.co\/en\/wp-json\/wp\/v2\/comments?post=1105"}],"wp:featuredmedia":[{"embeddable":true,"href":"https:\/\/www.casafloral.co\/en\/wp-json\/wp\/v2\/media\/1107"}],"wp:attachment":[{"href":"https:\/\/www.casafloral.co\/en\/wp-json\/wp\/v2\/media?parent=1105"}],"wp:term":[{"taxonomy":"product_brand","embeddable":true,"href":"https:\/\/www.casafloral.co\/en\/wp-json\/wp\/v2\/product_brand?post=1105"},{"taxonomy":"product_cat","embeddable":true,"href":"https:\/\/www.casafloral.co\/en\/wp-json\/wp\/v2\/product_cat?post=1105"},{"taxonomy":"product_tag","embeddable":true,"href":"https:\/\/www.casafloral.co\/en\/wp-json\/wp\/v2\/product_tag?post=1105"}],"curies":[{"name":"wp","href":"https:\/\/api.w.org\/{rel}","templated":true}]}}