{"id":1100,"date":"2023-07-31T15:37:14","date_gmt":"2023-07-31T15:37:14","guid":{"rendered":"https:\/\/www.casafloral.co\/?post_type=product&#038;p=1100"},"modified":"2026-03-30T09:14:03","modified_gmt":"2026-03-30T14:14:03","slug":"orquidea-phanelopsys-premium-2-tallos-blanca","status":"publish","type":"product","link":"https:\/\/www.casafloral.co\/en\/product\/orquidea-phanelopsys-premium-2-tallos-blanca\/","title":{"rendered":"Phanelopsys Premium Orchid 2 Stems White"},"content":{"rendered":"<p>Our orchids fill all rooms with life! Decorating your home or office with them will make everyone fall in love.<\/p>\n<p>Giving an Orchid represents beauty and perfection, elements that should not be missing when making a gift.<\/p>\n<p>They have an average height of 55 cm and 2 spikes.<\/p>\n<p>Images of Setting, matera not included, delivered in decorated paper ready for gift.<\/p>","protected":false},"excerpt":{"rendered":"<p>\u00a1Nuestras orqu\u00eddeas llenan de vida todas las estancias! Decorar tu hogar u oficina con ellas, enamorar\u00e1 a todos. Regalar una Orqu\u00eddea representa belleza y perfecci\u00f3n, elementos que no deben faltar a la hora de hacer un regalo. Tienen una altura promedio de 55 Cms y 2 espigas. Im\u00e1genes de Ambientaci\u00f3n, matera no incluida, se entrega [&hellip;]<\/p>","protected":false},"featured_media":1102,"comment_status":"open","ping_status":"closed","template":"","meta":{"_et_pb_use_builder":"","_et_pb_old_content":"","_et_gb_content_width":""},"product_brand":[],"product_cat":[32],"product_tag":[],"class_list":{"0":"post-1100","1":"product","2":"type-product","3":"status-publish","4":"has-post-thumbnail","6":"product_cat-orquideas","7":"tm-has-options","9":"first","10":"instock","11":"shipping-taxable","12":"purchasable","13":"product-type-simple"},"_links":{"self":[{"href":"https:\/\/www.casafloral.co\/en\/wp-json\/wp\/v2\/product\/1100","targetHints":{"allow":["GET"]}}],"collection":[{"href":"https:\/\/www.casafloral.co\/en\/wp-json\/wp\/v2\/product"}],"about":[{"href":"https:\/\/www.casafloral.co\/en\/wp-json\/wp\/v2\/types\/product"}],"replies":[{"embeddable":true,"href":"https:\/\/www.casafloral.co\/en\/wp-json\/wp\/v2\/comments?post=1100"}],"wp:featuredmedia":[{"embeddable":true,"href":"https:\/\/www.casafloral.co\/en\/wp-json\/wp\/v2\/media\/1102"}],"wp:attachment":[{"href":"https:\/\/www.casafloral.co\/en\/wp-json\/wp\/v2\/media?parent=1100"}],"wp:term":[{"taxonomy":"product_brand","embeddable":true,"href":"https:\/\/www.casafloral.co\/en\/wp-json\/wp\/v2\/product_brand?post=1100"},{"taxonomy":"product_cat","embeddable":true,"href":"https:\/\/www.casafloral.co\/en\/wp-json\/wp\/v2\/product_cat?post=1100"},{"taxonomy":"product_tag","embeddable":true,"href":"https:\/\/www.casafloral.co\/en\/wp-json\/wp\/v2\/product_tag?post=1100"}],"curies":[{"name":"wp","href":"https:\/\/api.w.org\/{rel}","templated":true}]}}